{"id":75,"date":"2023-04-02T17:49:07","date_gmt":"2023-04-02T17:49:07","guid":{"rendered":"http:\/\/ksnron.org\/?page_id=75"},"modified":"2023-05-16T06:31:51","modified_gmt":"2023-05-16T06:31:51","slug":"o-nas","status":"publish","type":"page","link":"https:\/\/ksnron.org\/","title":{"rendered":"O nas"},"content":{"rendered":"\n<figure class=\"wp-block-image size-full\"><a href=\"https:\/\/www.facebook.com\/wtzkrasnystaw\/?locale=pl_PL\" target=\"_blank\" rel=\"noreferrer noopener\"><img loading=\"lazy\" decoding=\"async\" width=\"400\" height=\"400\" src=\"http:\/\/ksnron.org\/wp-content\/uploads\/2023\/05\/procent3.jpg\" alt=\"\" class=\"wp-image-178\" srcset=\"https:\/\/ksnron.org\/wp-content\/uploads\/2023\/05\/procent3.jpg 400w, https:\/\/ksnron.org\/wp-content\/uploads\/2023\/05\/procent3-300x300.jpg 300w, https:\/\/ksnron.org\/wp-content\/uploads\/2023\/05\/procent3-150x150.jpg 150w\" sizes=\"auto, (max-width: 400px) 100vw, 400px\" \/><\/a><\/figure>\n\n\n\n<p>Cele i zasady dzia\u0142ania:<\/p>\n\n\n\n<ol class=\"wp-block-list\">\n<li>Celem Stowarzyszenia jest dzia\u0142anie na rzecz tworzenia jak najkorzystniejszych warunk\u00f3w do pe\u0142nego fizycznego i osobowego rozwoju os\u00f3b niepe\u0142nosprawnych oraz ich aktywnego i godnego uczestnictwa w \u017cyciu spo\u0142ecznym i zawodowym, a tak\u017ce pomoc ich rodzinom.<\/li>\n\n\n\n<li>Stowarzyszenie prowadzi dzia\u0142alno\u015b\u0107, realizuje zadania z zakresu ochrony i promocji zdrowia, dzia\u0142a w dziedzinie edukacji, o\u015bwiaty i wychowania oraz upowszechniania kultury fizycznej i sportu.<\/li>\n\n\n\n<li>Stowarzyszenie prowadzi dzia\u0142alno\u015b\u0107 na rzecz integracji europejskiej oraz rozwijania kontakt\u00f3w i wsp\u00f3\u0142pracy mi\u0119dzy spo\u0142ecze\u0144stwami.<\/li>\n<\/ol>\n\n\n\n<p>Cele swoje Stowarzyszenie realizuje poprzez:<\/p>\n\n\n\n<ol class=\"wp-block-list\">\n<li><strong>Prowadzenie dziennej plac\u00f3wki opieki na osobami niepe\u0142nosprawnymi w postaci Warsztatu Terapii Zaj\u0119ciowej<\/strong><\/li>\n\n\n\n<li>Inicjowanie i rozwijanie specjalistycznej pomocy osobom niepe\u0142nosprawnym i ich rodzinom,<\/li>\n\n\n\n<li>Organizowanie i u\u0142atwianie bezpo\u015brednich kontakt\u00f3w i wymiany do\u015bwiadcze\u0144 z innymi \u015brodowiskami os\u00f3b niepe\u0142nosprawnych oraz integracj\u0119 tych \u015brodowisk z ca\u0142ym spo\u0142ecze\u0144stwem,<\/li>\n\n\n\n<li>organizowanie i prowadzenie w\u0142asnych plac\u00f3wek rehabilitacyjnych, edukacyjnych dla dzieci i m\u0142odzie\u017cy oraz wsp\u00f3\u0142dzia\u0142anie z tego rodzaju plac\u00f3wkami w kraju i za granic\u0105,<\/li>\n\n\n\n<li>Wsp\u00f3\u0142prac\u0119 ze \u015brodowiskami naukowymi, instytucjami i organizacjami spo\u0142ecznymi w zakresie pomocy osobom niepe\u0142nosprawnym,<\/li>\n\n\n\n<li>Upowszechnianie wiedzy teoretycznej w zakresie rehabilitacji os\u00f3b niepe\u0142nosprawnych celem jej praktycznego wykorzystania,<\/li>\n\n\n\n<li>Wsp\u00f3\u0142dzia\u0142anie z organami samorz\u0105dowymi, organami administracji pa\u0144stwowej, stowarzyszeniami oraz innymi organizacjami spo\u0142ecznymi Ko\u015bcio\u0142em katolickim i innymi zwi\u0105zkami wyznaniowymi w zakresie pomocy osobom niepe\u0142nosprawnym,<\/li>\n\n\n\n<li>Propagowanie w spo\u0142ecze\u0144stwie problem\u00f3w i potrzeb os\u00f3b niepe\u0142nosprawnych oraz kszta\u0142towanie w\u0142a\u015bciwego stosunku spo\u0142ecznego do tych problem\u00f3w,<\/li>\n\n\n\n<li>Podejmowanie dzia\u0142a\u0144 zmierzaj\u0105cych do tworzenia sprzyjaj\u0105cych warunk\u00f3w dla rodzin, w szczeg\u00f3lno\u015bci wiejskich, w wype\u0142nianiu ich funkcji socjalnych, opieku\u0144czych i wychowawczych,<\/li>\n\n\n\n<li>Organizowanie i wspieranie form i metod kszta\u0142cenia dzieci i m\u0142odzie\u017cy niepe\u0142nosprawnej z naciskiem na integracj\u0119 spo\u0142eczn\u0105,<\/li>\n\n\n\n<li>podejmowanie dzia\u0142a\u0144 na rzecz integracji pomi\u0119dzy spo\u0142ecze\u0144stwami r\u00f3\u017cnych pa\u0144stw poprzez wymian\u0119 do\u015bwiadcze\u0144 i wsp\u00f3\u0142prac\u0119 w r\u00f3\u017cnych dziedzinach \u017cycia spo\u0142ecznego,<\/li>\n\n\n\n<li>organizowanie wolontariatu w instytucjach prowadzonych przez Stowarzyszenie,<\/li>\n\n\n\n<li>organizowanie i prowadzenie zespo\u0142\u00f3w artystycznych dla os\u00f3b niepe\u0142nosprawnych,<\/li>\n\n\n\n<li>organizacja festiwali, plener\u00f3w, warsztat\u00f3w, wystaw i innych imprez artystycznych maj\u0105cych istotne znaczenie dla rozwoju \u015bwiadomo\u015bci narodowej, obywatelskiej i kulturalnej,<\/li>\n\n\n\n<li>prowadzenie dzia\u0142alno\u015bci informacyjnej i propagandowej s\u0142u\u017c\u0105cej celom stowarzyszenia,<\/li>\n\n\n\n<li>Gromadzenie \u015brodk\u00f3w finansowych i materialnych na realizacj\u0119 cel\u00f3w Stowarzyszenia,<\/li>\n<\/ol>\n\n\n\n<p>17..Inicjowanie i wyst\u0119powanie z wnioskami do wszelkiej w\u0142adzy, urz\u0119d\u00f3w administracji rz\u0105dowej i samorz\u0105dowej, s\u0142u\u017cby zdrowia, funduszy, organizacji o takie rozwi\u0105zania, kt\u00f3re zapewni\u0105 normalne i specjalne potrzeby os\u00f3b niepe\u0142nosprawnych ze szczeg\u00f3lnym uwzgl\u0119dnieniem os\u00f3b niepe\u0142nosprawnych intelektualnie i ruchowo w znacznym stopniu.<\/p>\n","protected":false},"excerpt":{"rendered":"<p>Cele i zasady dzia\u0142ania: Cele swoje Stowarzyszenie realizuje poprzez: 17..Inicjowanie i wyst\u0119powanie z wnioskami do wszelkiej w\u0142adzy, urz\u0119d\u00f3w administracji rz\u0105dowej<\/p>\n","protected":false},"author":1,"featured_media":0,"parent":0,"menu_order":0,"comment_status":"closed","ping_status":"closed","template":"","meta":{"colormag_page_container_layout":"default_layout","colormag_page_sidebar_layout":"default_layout","footnotes":""},"class_list":["post-75","page","type-page","status-publish","hentry"],"_links":{"self":[{"href":"https:\/\/ksnron.org\/index.php?rest_route=\/wp\/v2\/pages\/75","targetHints":{"allow":["GET"]}}],"collection":[{"href":"https:\/\/ksnron.org\/index.php?rest_route=\/wp\/v2\/pages"}],"about":[{"href":"https:\/\/ksnron.org\/index.php?rest_route=\/wp\/v2\/types\/page"}],"author":[{"embeddable":true,"href":"https:\/\/ksnron.org\/index.php?rest_route=\/wp\/v2\/users\/1"}],"replies":[{"embeddable":true,"href":"https:\/\/ksnron.org\/index.php?rest_route=%2Fwp%2Fv2%2Fcomments&post=75"}],"version-history":[{"count":2,"href":"https:\/\/ksnron.org\/index.php?rest_route=\/wp\/v2\/pages\/75\/revisions"}],"predecessor-version":[{"id":179,"href":"https:\/\/ksnron.org\/index.php?rest_route=\/wp\/v2\/pages\/75\/revisions\/179"}],"wp:attachment":[{"href":"https:\/\/ksnron.org\/index.php?rest_route=%2Fwp%2Fv2%2Fmedia&parent=75"}],"curies":[{"name":"wp","href":"https:\/\/api.w.org\/{rel}","templated":true}]}}