{"id":15,"date":"2023-02-20T17:48:18","date_gmt":"2023-02-20T17:48:18","guid":{"rendered":"http:\/\/ksnron.org\/?page_id=15"},"modified":"2025-07-17T08:52:12","modified_gmt":"2025-07-17T08:52:12","slug":"kontakt","status":"publish","type":"page","link":"https:\/\/ksnron.org\/?page_id=15","title":{"rendered":"Kontakt"},"content":{"rendered":"\n<p>Krasnostawskie Stowarzyszenie na Rzecz Os\u00f3b Niepe\u0142nosprawnych<\/p>\n\n\n\n<p>22-300 Krasnystaw<\/p>\n\n\n\n<p>ul. Szkolna 9a<\/p>\n\n\n\n<p>NIP: 564-104-71-724, REGON: 110158428<\/p>\n\n\n\n<p>KRS: 0000050153<\/p>\n\n\n\n<p>Przeka\u017c 1,5% podatku<\/p>\n\n\n\n<p>Organizacja po\u017cytku publicznego<\/p>\n\n\n\n<p>Godziny pracy: poniedzia\u0142ek \u2013 pi\u0105tek w godz. 7<sup>30<\/sup> &#8211; 15<sup>30<\/sup><\/p>\n\n\n\n<p>Tel. 82&nbsp;540 60 15<\/p>\n\n\n\n<p>Rachunek bankowy: Bank Sp\u00f3\u0142dzielczy Krasnystaw<\/p>\n\n\n\n<p>53 8200 0008 2001 0013 7559&nbsp;0001<\/p>\n\n\n\n<p>e &#8211; mail: <a href=\"mailto:ksnron@interia.pl\">ksnron@interia.pl<\/a><\/p>\n\n\n\n<p><a href=\"http:\/\/www.facebook.com\/wtzkrasnystaw\">www.facebook.co<\/a><a href=\"http:\/\/www.facebook.com\/wtzkrasnystaw\" target=\"_blank\" rel=\"noreferrer noopener\">m\/wtzkr<\/a><a href=\"http:\/\/www.facebook.com\/wtzkrasnystaw\">asnystaw<\/a><\/p>\n","protected":false},"excerpt":{"rendered":"<p>Krasnostawskie Stowarzyszenie na Rzecz Os\u00f3b Niepe\u0142nosprawnych 22-300 Krasnystaw ul. Szkolna 9a NIP: 564-104-71-724, REGON: 110158428 KRS: 0000050153 Przeka\u017c 1,5% podatku<\/p>\n","protected":false},"author":1,"featured_media":0,"parent":0,"menu_order":0,"comment_status":"closed","ping_status":"closed","template":"page-templates\/contact.php","meta":{"colormag_page_container_layout":"default_layout","colormag_page_sidebar_layout":"default_layout","footnotes":""},"class_list":["post-15","page","type-page","status-publish","hentry"],"_links":{"self":[{"href":"https:\/\/ksnron.org\/index.php?rest_route=\/wp\/v2\/pages\/15","targetHints":{"allow":["GET"]}}],"collection":[{"href":"https:\/\/ksnron.org\/index.php?rest_route=\/wp\/v2\/pages"}],"about":[{"href":"https:\/\/ksnron.org\/index.php?rest_route=\/wp\/v2\/types\/page"}],"author":[{"embeddable":true,"href":"https:\/\/ksnron.org\/index.php?rest_route=\/wp\/v2\/users\/1"}],"replies":[{"embeddable":true,"href":"https:\/\/ksnron.org\/index.php?rest_route=%2Fwp%2Fv2%2Fcomments&post=15"}],"version-history":[{"count":4,"href":"https:\/\/ksnron.org\/index.php?rest_route=\/wp\/v2\/pages\/15\/revisions"}],"predecessor-version":[{"id":423,"href":"https:\/\/ksnron.org\/index.php?rest_route=\/wp\/v2\/pages\/15\/revisions\/423"}],"wp:attachment":[{"href":"https:\/\/ksnron.org\/index.php?rest_route=%2Fwp%2Fv2%2Fmedia&parent=15"}],"curies":[{"name":"wp","href":"https:\/\/api.w.org\/{rel}","templated":true}]}}